{"id":65381,"date":"2023-08-14T22:45:33","date_gmt":"2023-08-14T22:45:33","guid":{"rendered":"https:\/\/thaiexpress.ca\/?page_id=65381"},"modified":"2024-07-10T16:43:51","modified_gmt":"2024-07-10T16:43:51","slug":"franchiser","status":"publish","type":"page","link":"https:\/\/thaiexpress.ca\/fr\/franchiser\/","title":{"rendered":"FRANCHISAGE"},"content":{"rendered":"\t\t<div data-elementor-type=\"wp-page\" data-elementor-id=\"65381\" class=\"elementor elementor-65381 elementor-2383\" data-elementor-post-type=\"page\">\n\t\t\t\t\t\t<section class=\"elementor-section elementor-top-section elementor-element elementor-element-dd294bc elementor-section-full_width elementor-hidden-tablet elementor-hidden-mobile elementor-section-height-default elementor-section-height-default\" data-id=\"dd294bc\" data-element_type=\"section\" data-e-type=\"section\">\n\t\t\t\t\t\t<div class=\"elementor-container elementor-column-gap-default\">\n\t\t\t\t\t<div class=\"elementor-column elementor-col-50 elementor-top-column elementor-element elementor-element-3267b849\" data-id=\"3267b849\" data-element_type=\"column\" data-e-type=\"column\" data-settings=\"{&quot;background_background&quot;:&quot;classic&quot;}\">\n\t\t\t<div class=\"elementor-widget-wrap elementor-element-populated\">\n\t\t\t\t\t\t<div class=\"elementor-element elementor-element-2b38193b elementor-widget elementor-widget-heading\" data-id=\"2b38193b\" data-element_type=\"widget\" data-e-type=\"widget\" data-widget_type=\"heading.default\">\n\t\t\t\t<div class=\"elementor-widget-container\">\n\t\t\t\t\t<h2 class=\"elementor-heading-title elementor-size-default\">Pr\u00eat \u00e0 relever le d\u00e9fi? Nous vous invitons \u00e0 remplir le formulaire qui suit pour amorcer le processus d\u00e8s aujourd\u2019hui!<\/h2>\t\t\t\t<\/div>\n\t\t\t\t<\/div>\n\t\t\t\t<div class=\"elementor-element elementor-element-4403719e elementor-align-left elementor-mobile-align-center elementor-widget elementor-widget-button\" data-id=\"4403719e\" data-element_type=\"widget\" data-e-type=\"widget\" data-widget_type=\"button.default\">\n\t\t\t\t<div class=\"elementor-widget-container\">\n\t\t\t\t\t\t\t\t\t<div class=\"elementor-button-wrapper\">\n\t\t\t\t\t<a class=\"elementor-button elementor-button-link elementor-size-sm elementor-animation-grow\" href=\"https:\/\/mtyfranchising.com\/fr\/thai-express-franchise\/\" target=\"_blank\">\n\t\t\t\t\t\t<span class=\"elementor-button-content-wrapper\">\n\t\t\t\t\t\t<span class=\"elementor-button-icon\">\n\t\t\t\t<i aria-hidden=\"true\" class=\"fas fa-arrow-right\"><\/i>\t\t\t<\/span>\n\t\t\t\t\t\t\t\t\t<span class=\"elementor-button-text\">En savoir plus<\/span>\n\t\t\t\t\t<\/span>\n\t\t\t\t\t<\/a>\n\t\t\t\t<\/div>\n\t\t\t\t\t\t\t\t<\/div>\n\t\t\t\t<\/div>\n\t\t\t\t\t<\/div>\n\t\t<\/div>\n\t\t\t\t<div class=\"elementor-column elementor-col-50 elementor-top-column elementor-element elementor-element-5c487618\" data-id=\"5c487618\" data-element_type=\"column\" data-e-type=\"column\">\n\t\t\t<div class=\"elementor-widget-wrap elementor-element-populated\">\n\t\t\t\t\t\t<div class=\"elementor-element elementor-element-31253245 elementor-widget__width-initial elementor-widget elementor-widget-image\" data-id=\"31253245\" data-element_type=\"widget\" data-e-type=\"widget\" data-widget_type=\"image.default\">\n\t\t\t\t<div class=\"elementor-widget-container\">\n\t\t\t\t\t\t\t\t\t\t\t\t\t\t\t<img fetchpriority=\"high\" decoding=\"async\" width=\"741\" height=\"594\" src=\"https:\/\/thaiexpress.ca\/wp-content\/uploads\/2023\/06\/TX-1-1.jpg\" class=\"attachment-full size-full wp-image-61330\" alt=\"\" srcset=\"https:\/\/thaiexpress.ca\/wp-content\/uploads\/2023\/06\/TX-1-1.jpg 741w, https:\/\/thaiexpress.ca\/wp-content\/uploads\/2023\/06\/TX-1-1-300x240.jpg 300w\" sizes=\"(max-width: 741px) 100vw, 741px\" \/>\t\t\t\t\t\t\t\t\t\t\t\t\t\t\t<\/div>\n\t\t\t\t<\/div>\n\t\t\t\t\t<\/div>\n\t\t<\/div>\n\t\t\t\t\t<\/div>\n\t\t<\/section>\n\t\t\t\t<section class=\"elementor-section elementor-top-section elementor-element elementor-element-d02690c elementor-hidden-tablet elementor-hidden-mobile elementor-section-boxed elementor-section-height-default elementor-section-height-default\" data-id=\"d02690c\" data-element_type=\"section\" data-e-type=\"section\">\n\t\t\t\t\t\t<div class=\"elementor-container elementor-column-gap-default\">\n\t\t\t\t\t<div class=\"elementor-column elementor-col-100 elementor-top-column elementor-element elementor-element-adb9062\" data-id=\"adb9062\" data-element_type=\"column\" data-e-type=\"column\">\n\t\t\t<div class=\"elementor-widget-wrap elementor-element-populated\">\n\t\t\t\t\t\t<div class=\"elementor-element elementor-element-3dbdd170 elementor-widget elementor-widget-heading\" data-id=\"3dbdd170\" data-element_type=\"widget\" data-e-type=\"widget\" data-widget_type=\"heading.default\">\n\t\t\t\t<div class=\"elementor-widget-container\">\n\t\t\t\t\t<h2 class=\"elementor-heading-title elementor-size-default\">Plus de 300 emplacements dans le monde et ce nombre ne cesse d\u2019augmenter<\/h2>\t\t\t\t<\/div>\n\t\t\t\t<\/div>\n\t\t\t\t\t<\/div>\n\t\t<\/div>\n\t\t\t\t\t<\/div>\n\t\t<\/section>\n\t\t\t\t<section class=\"elementor-section elementor-top-section elementor-element elementor-element-43f4aba2 elementor-hidden-tablet elementor-hidden-mobile elementor-section-boxed elementor-section-height-default elementor-section-height-default\" data-id=\"43f4aba2\" data-element_type=\"section\" data-e-type=\"section\" data-settings=\"{&quot;background_background&quot;:&quot;classic&quot;}\">\n\t\t\t\t\t\t<div class=\"elementor-container elementor-column-gap-default\">\n\t\t\t\t\t<div class=\"elementor-column elementor-col-50 elementor-top-column elementor-element elementor-element-64221950\" data-id=\"64221950\" data-element_type=\"column\" data-e-type=\"column\">\n\t\t\t<div class=\"elementor-widget-wrap elementor-element-populated\">\n\t\t\t\t\t\t<div class=\"elementor-element elementor-element-5390cb3 elementor-widget elementor-widget-text-editor\" data-id=\"5390cb3\" data-element_type=\"widget\" data-e-type=\"widget\" data-widget_type=\"text-editor.default\">\n\t\t\t\t<div class=\"elementor-widget-container\">\n\t\t\t\t\t\t\t\t\t<div class=\"ewa-rteLine\">COLOMBIE-BRITANNIQUE<\/div><div class=\"ewa-rteLine\">ALBERTA<\/div><div class=\"ewa-rteLine\">SASKATCHEWAN<\/div><div class=\"ewa-rteLine\">MANITOBA<\/div><div class=\"ewa-rteLine\">ONTARIO<\/div><div class=\"ewa-rteLine\">QU\u00c9BEC<\/div><div class=\"ewa-rteLine\">TERRE-NEUVE<\/div><div class=\"ewa-rteLine\">NOUVEAU-BRUNSWICK<\/div><div class=\"ewa-rteLine\">\u00ceLE-DU-PRINCE-\u00c9DOUARD<\/div><div class=\"ewa-rteLine\">NOUVELLE-\u00c9COSSE<\/div><div class=\"ewa-rteLine\">\u00a0<\/div>\t\t\t\t\t\t\t\t<\/div>\n\t\t\t\t<\/div>\n\t\t\t\t\t<\/div>\n\t\t<\/div>\n\t\t\t\t<div class=\"elementor-column elementor-col-50 elementor-top-column elementor-element elementor-element-50e32d0e\" data-id=\"50e32d0e\" data-element_type=\"column\" data-e-type=\"column\">\n\t\t\t<div class=\"elementor-widget-wrap elementor-element-populated\">\n\t\t\t\t\t\t<div class=\"elementor-element elementor-element-5ab2595f elementor-widget elementor-widget-text-editor\" data-id=\"5ab2595f\" data-element_type=\"widget\" data-e-type=\"widget\" data-widget_type=\"text-editor.default\">\n\t\t\t\t<div class=\"elementor-widget-container\">\n\t\t\t\t\t\t\t\t\t<div class=\"ewa-rteLine\">\u00c9TATS-UNIS<\/div><div class=\"ewa-rteLine\">ROYAUME-UNI<\/div><div class=\"ewa-rteLine\">AMERIQUE DU SUD<\/div>\t\t\t\t\t\t\t\t<\/div>\n\t\t\t\t<\/div>\n\t\t\t\t\t<\/div>\n\t\t<\/div>\n\t\t\t\t\t<\/div>\n\t\t<\/section>\n\t\t\t\t<section class=\"elementor-section elementor-top-section elementor-element elementor-element-25c1f893 elementor-hidden-tablet elementor-hidden-mobile elementor-section-boxed elementor-section-height-default elementor-section-height-default\" data-id=\"25c1f893\" data-element_type=\"section\" data-e-type=\"section\" data-settings=\"{&quot;background_background&quot;:&quot;classic&quot;}\">\n\t\t\t\t\t\t<div class=\"elementor-container elementor-column-gap-default\">\n\t\t\t\t\t<div class=\"elementor-column elementor-col-50 elementor-top-column elementor-element elementor-element-7b3c9625\" data-id=\"7b3c9625\" data-element_type=\"column\" data-e-type=\"column\">\n\t\t\t<div class=\"elementor-widget-wrap elementor-element-populated\">\n\t\t\t\t\t\t<div class=\"elementor-element elementor-element-67f69eb3 elementor-widget elementor-widget-heading\" data-id=\"67f69eb3\" data-element_type=\"widget\" data-e-type=\"widget\" data-widget_type=\"heading.default\">\n\t\t\t\t<div class=\"elementor-widget-container\">\n\t\t\t\t\t<h2 class=\"elementor-heading-title elementor-size-default\">Comment cela fonctionne ?\u200b<\/h2>\t\t\t\t<\/div>\n\t\t\t\t<\/div>\n\t\t\t\t<div class=\"elementor-element elementor-element-b6dee0b elementor-widget__width-initial elementor-widget elementor-widget-text-editor\" data-id=\"b6dee0b\" data-element_type=\"widget\" data-e-type=\"widget\" data-widget_type=\"text-editor.default\">\n\t\t\t\t<div class=\"elementor-widget-container\">\n\t\t\t\t\t\t\t\t\t<div class=\"ewa-rteLine\"><div class=\"ewa-rteLine\"><div class=\"ewa-rteLine\">Tha\u00ef Express a investi \u00e9norm\u00e9ment d\u2019efforts dans la recherche, l\u2019essai, la d\u00e9gustation et la mise en \u0153uvre de son concept par diff\u00e9rents moyens, notamment la conception, les processus, le marketing, l\u2019approvisionnement, les produits et ses valeurs fondamentales.\u00a0<\/div><div class=\"ewa-rteLine\">\u00a0<\/div><div class=\"ewa-rteLine\">Nous nous effor\u00e7ons d\u2019offrir un soutien continu et un accompagnement professionnel \u00e0 tous nos franchis\u00e9s, des premi\u00e8res \u00e9tapes de formation et de d\u00e9veloppement jusqu\u2019au jour de l\u2019ouverture officielle et bien au-del\u00e0. Gr\u00e2ce \u00e0 un d\u00e9vouement et \u00e0 une d\u00e9termination ind\u00e9fectibles, nous cherchons \u00e0 offrir un tremplin \u00e0 nos franchis\u00e9s afin qu\u2019ils connaissent un succ\u00e8s durable pendant de nombreuses ann\u00e9es!<\/div><\/div><\/div>\t\t\t\t\t\t\t\t<\/div>\n\t\t\t\t<\/div>\n\t\t\t\t<div class=\"elementor-element elementor-element-d571a9f elementor-align-left elementor-mobile-align-center elementor-widget elementor-widget-button\" data-id=\"d571a9f\" data-element_type=\"widget\" data-e-type=\"widget\" data-widget_type=\"button.default\">\n\t\t\t\t<div class=\"elementor-widget-container\">\n\t\t\t\t\t\t\t\t\t<div class=\"elementor-button-wrapper\">\n\t\t\t\t\t<a class=\"elementor-button elementor-button-link elementor-size-sm elementor-animation-grow\" href=\"https:\/\/mtyfranchising.com\/fr\/thai-express-franchise\/\" target=\"_blank\">\n\t\t\t\t\t\t<span class=\"elementor-button-content-wrapper\">\n\t\t\t\t\t\t<span class=\"elementor-button-icon\">\n\t\t\t\t<i aria-hidden=\"true\" class=\"fas fa-arrow-right\"><\/i>\t\t\t<\/span>\n\t\t\t\t\t\t\t\t\t<span class=\"elementor-button-text\">Intrigu\u00e9? Cliquez ici pour en savoir plus!<\/span>\n\t\t\t\t\t<\/span>\n\t\t\t\t\t<\/a>\n\t\t\t\t<\/div>\n\t\t\t\t\t\t\t\t<\/div>\n\t\t\t\t<\/div>\n\t\t\t\t\t<\/div>\n\t\t<\/div>\n\t\t\t\t<div class=\"elementor-column elementor-col-50 elementor-top-column elementor-element elementor-element-2a8f4e5\" data-id=\"2a8f4e5\" data-element_type=\"column\" data-e-type=\"column\">\n\t\t\t<div class=\"elementor-widget-wrap\">\n\t\t\t\t\t\t\t<\/div>\n\t\t<\/div>\n\t\t\t\t\t<\/div>\n\t\t<\/section>\n\t\t\t\t<section class=\"elementor-section elementor-top-section elementor-element elementor-element-28f5af9 elementor-section-full_width elementor-hidden-desktop elementor-hidden-laptop elementor-hidden-tablet_extra elementor-hidden-mobile_extra elementor-section-height-default elementor-section-height-default\" data-id=\"28f5af9\" data-element_type=\"section\" data-e-type=\"section\">\n\t\t\t\t\t\t<div class=\"elementor-container elementor-column-gap-default\">\n\t\t\t\t\t<div class=\"elementor-column elementor-col-50 elementor-top-column elementor-element elementor-element-9563abc\" data-id=\"9563abc\" data-element_type=\"column\" data-e-type=\"column\" data-settings=\"{&quot;background_background&quot;:&quot;classic&quot;}\">\n\t\t\t<div class=\"elementor-widget-wrap elementor-element-populated\">\n\t\t\t\t\t\t<div class=\"elementor-element elementor-element-1e60134 elementor-widget elementor-widget-heading\" data-id=\"1e60134\" data-element_type=\"widget\" data-e-type=\"widget\" data-widget_type=\"heading.default\">\n\t\t\t\t<div class=\"elementor-widget-container\">\n\t\t\t\t\t<h2 class=\"elementor-heading-title elementor-size-default\">Pr\u00eat \u00e0 relever le d\u00e9fi? Nous vous invitons \u00e0 remplir le formulaire qui suit pour amorcer le processus d\u00e8s aujourd\u2019hui!<\/h2>\t\t\t\t<\/div>\n\t\t\t\t<\/div>\n\t\t\t\t<div class=\"elementor-element elementor-element-22ed0f5 elementor-align-left elementor-mobile-align-left elementor-tablet-align-left elementor-widget elementor-widget-button\" data-id=\"22ed0f5\" data-element_type=\"widget\" data-e-type=\"widget\" data-widget_type=\"button.default\">\n\t\t\t\t<div class=\"elementor-widget-container\">\n\t\t\t\t\t\t\t\t\t<div class=\"elementor-button-wrapper\">\n\t\t\t\t\t<a class=\"elementor-button elementor-button-link elementor-size-sm elementor-animation-grow\" href=\"https:\/\/mtyfranchising.com\/fr\/thai-express-franchise\/\" target=\"_blank\">\n\t\t\t\t\t\t<span class=\"elementor-button-content-wrapper\">\n\t\t\t\t\t\t<span class=\"elementor-button-icon\">\n\t\t\t\t<i aria-hidden=\"true\" class=\"fas fa-arrow-right\"><\/i>\t\t\t<\/span>\n\t\t\t\t\t\t\t\t\t<span class=\"elementor-button-text\">En savoir plus<\/span>\n\t\t\t\t\t<\/span>\n\t\t\t\t\t<\/a>\n\t\t\t\t<\/div>\n\t\t\t\t\t\t\t\t<\/div>\n\t\t\t\t<\/div>\n\t\t\t\t\t<\/div>\n\t\t<\/div>\n\t\t\t\t<div class=\"elementor-column elementor-col-50 elementor-top-column elementor-element elementor-element-707b8e9\" data-id=\"707b8e9\" data-element_type=\"column\" data-e-type=\"column\">\n\t\t\t<div class=\"elementor-widget-wrap elementor-element-populated\">\n\t\t\t\t\t\t<div class=\"elementor-element elementor-element-16d4408 elementor-widget__width-initial elementor-widget elementor-widget-image\" data-id=\"16d4408\" data-element_type=\"widget\" data-e-type=\"widget\" data-widget_type=\"image.default\">\n\t\t\t\t<div class=\"elementor-widget-container\">\n\t\t\t\t\t\t\t\t\t\t\t\t\t\t\t<img fetchpriority=\"high\" decoding=\"async\" width=\"741\" height=\"594\" src=\"https:\/\/thaiexpress.ca\/wp-content\/uploads\/2023\/06\/TX-1-1.jpg\" class=\"attachment-full size-full wp-image-61330\" alt=\"\" srcset=\"https:\/\/thaiexpress.ca\/wp-content\/uploads\/2023\/06\/TX-1-1.jpg 741w, https:\/\/thaiexpress.ca\/wp-content\/uploads\/2023\/06\/TX-1-1-300x240.jpg 300w\" sizes=\"(max-width: 741px) 100vw, 741px\" \/>\t\t\t\t\t\t\t\t\t\t\t\t\t\t\t<\/div>\n\t\t\t\t<\/div>\n\t\t\t\t\t<\/div>\n\t\t<\/div>\n\t\t\t\t\t<\/div>\n\t\t<\/section>\n\t\t\t\t<section class=\"elementor-section elementor-top-section elementor-element elementor-element-ff77c8d elementor-hidden-desktop elementor-hidden-laptop elementor-hidden-tablet_extra elementor-hidden-mobile_extra elementor-section-boxed elementor-section-height-default elementor-section-height-default\" data-id=\"ff77c8d\" data-element_type=\"section\" data-e-type=\"section\" data-settings=\"{&quot;background_background&quot;:&quot;classic&quot;}\">\n\t\t\t\t\t\t<div class=\"elementor-container elementor-column-gap-default\">\n\t\t\t\t\t<div class=\"elementor-column elementor-col-50 elementor-top-column elementor-element elementor-element-5472bcd\" data-id=\"5472bcd\" data-element_type=\"column\" data-e-type=\"column\">\n\t\t\t<div class=\"elementor-widget-wrap elementor-element-populated\">\n\t\t\t\t\t\t<div class=\"elementor-element elementor-element-65be7f9 elementor-widget elementor-widget-heading\" data-id=\"65be7f9\" data-element_type=\"widget\" data-e-type=\"widget\" data-widget_type=\"heading.default\">\n\t\t\t\t<div class=\"elementor-widget-container\">\n\t\t\t\t\t<h2 class=\"elementor-heading-title elementor-size-default\">Plus de 300 emplacements dans le monde et ce nombre ne cesse d\u2019augmenter<\/h2>\t\t\t\t<\/div>\n\t\t\t\t<\/div>\n\t\t\t\t<div class=\"elementor-element elementor-element-f748bd8 elementor-widget elementor-widget-text-editor\" data-id=\"f748bd8\" data-element_type=\"widget\" data-e-type=\"widget\" data-widget_type=\"text-editor.default\">\n\t\t\t\t<div class=\"elementor-widget-container\">\n\t\t\t\t\t\t\t\t\t<div class=\"ewa-rteLine\">COLOMBIE-BRITANNIQUE<\/div><div class=\"ewa-rteLine\">ALBERTA<\/div><div class=\"ewa-rteLine\">SASKATCHEWAN<\/div><div class=\"ewa-rteLine\">MANITOBA<\/div><div class=\"ewa-rteLine\">ONTARIO<\/div><div class=\"ewa-rteLine\">QU\u00c9BEC<\/div><div class=\"ewa-rteLine\">TERRE-NEUVE<\/div><div class=\"ewa-rteLine\">NOUVEAU-BRUNSWICK<\/div><div class=\"ewa-rteLine\">\u00ceLE-DU-PRINCE-\u00c9DOUARD<\/div><div class=\"ewa-rteLine\">NOUVELLE-\u00c9COSSE<\/div><div class=\"ewa-rteLine\">\u00a0<\/div>\t\t\t\t\t\t\t\t<\/div>\n\t\t\t\t<\/div>\n\t\t\t\t\t<\/div>\n\t\t<\/div>\n\t\t\t\t<div class=\"elementor-column elementor-col-50 elementor-top-column elementor-element elementor-element-2479f16\" data-id=\"2479f16\" data-element_type=\"column\" data-e-type=\"column\">\n\t\t\t<div class=\"elementor-widget-wrap elementor-element-populated\">\n\t\t\t\t\t\t<div class=\"elementor-element elementor-element-ecc17f0 elementor-widget elementor-widget-text-editor\" data-id=\"ecc17f0\" data-element_type=\"widget\" data-e-type=\"widget\" data-widget_type=\"text-editor.default\">\n\t\t\t\t<div class=\"elementor-widget-container\">\n\t\t\t\t\t\t\t\t\t<div class=\"ewa-rteLine\" style=\"letter-spacing: -1.7px;\">\u00c9TATS-UNIS<\/div><div class=\"ewa-rteLine\" style=\"letter-spacing: -1.7px;\">ROYAUME-UNI<\/div><div class=\"ewa-rteLine\" style=\"letter-spacing: -1.7px;\">AMERIQUE DU SUD<\/div>\t\t\t\t\t\t\t\t<\/div>\n\t\t\t\t<\/div>\n\t\t\t\t\t<\/div>\n\t\t<\/div>\n\t\t\t\t\t<\/div>\n\t\t<\/section>\n\t\t\t\t<section class=\"elementor-section elementor-top-section elementor-element elementor-element-3a91923 elementor-section-full_width elementor-hidden-desktop elementor-hidden-laptop elementor-hidden-tablet_extra elementor-hidden-mobile_extra elementor-section-height-default elementor-section-height-default\" data-id=\"3a91923\" data-element_type=\"section\" data-e-type=\"section\" data-settings=\"{&quot;background_background&quot;:&quot;classic&quot;}\">\n\t\t\t\t\t\t<div class=\"elementor-container elementor-column-gap-default\">\n\t\t\t\t\t<div class=\"elementor-column elementor-col-100 elementor-top-column elementor-element elementor-element-897db49\" data-id=\"897db49\" data-element_type=\"column\" data-e-type=\"column\">\n\t\t\t<div class=\"elementor-widget-wrap elementor-element-populated\">\n\t\t\t\t\t\t<div class=\"elementor-element elementor-element-1ce1104 elementor-widget elementor-widget-heading\" data-id=\"1ce1104\" data-element_type=\"widget\" data-e-type=\"widget\" data-widget_type=\"heading.default\">\n\t\t\t\t<div class=\"elementor-widget-container\">\n\t\t\t\t\t<h2 class=\"elementor-heading-title elementor-size-default\">Comment cela fonctionne ?<\/h2>\t\t\t\t<\/div>\n\t\t\t\t<\/div>\n\t\t\t\t<div class=\"elementor-element elementor-element-53553e1 elementor-widget__width-initial elementor-widget elementor-widget-text-editor\" data-id=\"53553e1\" data-element_type=\"widget\" data-e-type=\"widget\" data-widget_type=\"text-editor.default\">\n\t\t\t\t<div class=\"elementor-widget-container\">\n\t\t\t\t\t\t\t\t\t<div class=\"ewa-rteLine\"><div class=\"ewa-rteLine\"><div class=\"ewa-rteLine\">Tha\u00ef Express a investi \u00e9norm\u00e9ment d\u2019efforts dans la recherche, l\u2019essai, la d\u00e9gustation et la mise en \u0153uvre de son concept par diff\u00e9rents moyens, notamment la conception, les processus, le marketing, l\u2019approvisionnement, les produits et ses valeurs fondamentales.\u00a0<\/div><div class=\"ewa-rteLine\">\u00a0<\/div><div class=\"ewa-rteLine\">Nous nous effor\u00e7ons d\u2019offrir un soutien continu et un accompagnement professionnel \u00e0 tous nos franchis\u00e9s, des premi\u00e8res \u00e9tapes de formation et de d\u00e9veloppement jusqu\u2019au jour de l\u2019ouverture officielle et bien au-del\u00e0. Gr\u00e2ce \u00e0 un d\u00e9vouement et \u00e0 une d\u00e9termination ind\u00e9fectibles, nous cherchons \u00e0 offrir un tremplin \u00e0 nos franchis\u00e9s afin qu\u2019ils connaissent un succ\u00e8s durable pendant de nombreuses ann\u00e9es!<\/div><div class=\"ewa-rteLine\">\u00a0<\/div><\/div><\/div>\t\t\t\t\t\t\t\t<\/div>\n\t\t\t\t<\/div>\n\t\t\t\t<div class=\"elementor-element elementor-element-bd73961 elementor-align-left elementor-mobile-align-center elementor-widget elementor-widget-button\" data-id=\"bd73961\" data-element_type=\"widget\" data-e-type=\"widget\" data-widget_type=\"button.default\">\n\t\t\t\t<div class=\"elementor-widget-container\">\n\t\t\t\t\t\t\t\t\t<div class=\"elementor-button-wrapper\">\n\t\t\t\t\t<a class=\"elementor-button elementor-button-link elementor-size-sm elementor-animation-grow\" href=\"https:\/\/mtyfranchising.com\/fr\/thai-express-franchise\/\" target=\"_blank\">\n\t\t\t\t\t\t<span class=\"elementor-button-content-wrapper\">\n\t\t\t\t\t\t<span class=\"elementor-button-icon\">\n\t\t\t\t<i aria-hidden=\"true\" class=\"fas fa-arrow-right\"><\/i>\t\t\t<\/span>\n\t\t\t\t\t\t\t\t\t<span class=\"elementor-button-text\">Intrigu\u00e9? Cliquez ici pour en savoir plus!<\/span>\n\t\t\t\t\t<\/span>\n\t\t\t\t\t<\/a>\n\t\t\t\t<\/div>\n\t\t\t\t\t\t\t\t<\/div>\n\t\t\t\t<\/div>\n\t\t\t\t\t<\/div>\n\t\t<\/div>\n\t\t\t\t\t<\/div>\n\t\t<\/section>\n\t\t\t\t<\/div>\n\t\t","protected":false},"excerpt":{"rendered":"<p>Pr\u00eat \u00e0 relever le d\u00e9fi? Nous vous invitons \u00e0 remplir le formulaire qui suit pour amorcer le processus d\u00e8s aujourd\u2019hui! Formulaire de demande Plus de 300 emplacements dans le monde et ce nombre ne cesse d\u2019augmenter COLOMBIE-BRITANNIQUEALBERTASASKATCHEWANMANITOBAONTARIOQU\u00c9BECTERRE-NEUVENOUVEAU-BRUNSWICK\u00ceLE-DU-PRINCE-\u00c9DOUARDNOUVELLE-\u00c9COSSE\u00a0\u00c9TATS-UNISROYAUME-UNIAMERIQUE DU SUD Comment cela fonctionne ?\u200b Tha\u00ef Express a investi \u00e9norm\u00e9ment d\u2019efforts dans la recherche, l\u2019essai, la d\u00e9gustation [&hellip;]<\/p>\n","protected":false},"author":1,"featured_media":0,"parent":0,"menu_order":0,"comment_status":"closed","ping_status":"closed","template":"","meta":{"_acf_changed":false,"inline_featured_image":false,"footnotes":""},"class_list":["post-65381","page","type-page","status-publish","hentry"],"acf":[],"_links":{"self":[{"href":"https:\/\/thaiexpress.ca\/fr\/wp-json\/wp\/v2\/pages\/65381","targetHints":{"allow":["GET"]}}],"collection":[{"href":"https:\/\/thaiexpress.ca\/fr\/wp-json\/wp\/v2\/pages"}],"about":[{"href":"https:\/\/thaiexpress.ca\/fr\/wp-json\/wp\/v2\/types\/page"}],"author":[{"embeddable":true,"href":"https:\/\/thaiexpress.ca\/fr\/wp-json\/wp\/v2\/users\/1"}],"replies":[{"embeddable":true,"href":"https:\/\/thaiexpress.ca\/fr\/wp-json\/wp\/v2\/comments?post=65381"}],"version-history":[{"count":0,"href":"https:\/\/thaiexpress.ca\/fr\/wp-json\/wp\/v2\/pages\/65381\/revisions"}],"wp:attachment":[{"href":"https:\/\/thaiexpress.ca\/fr\/wp-json\/wp\/v2\/media?parent=65381"}],"curies":[{"name":"wp","href":"https:\/\/api.w.org\/{rel}","templated":true}]}}