{"id":94706,"date":"2023-12-19T18:07:42","date_gmt":"2023-12-19T18:07:42","guid":{"rendered":"https:\/\/thaiexpress.ca\/thai-express-app-download\/"},"modified":"2024-05-01T18:46:31","modified_gmt":"2024-05-01T18:46:31","slug":"thai-express-app-download","status":"publish","type":"page","link":"https:\/\/thaiexpress.ca\/fr\/thai-express-app-download\/","title":{"rendered":"Thai Express App Download"},"content":{"rendered":"\t\t<div data-elementor-type=\"wp-page\" data-elementor-id=\"94706\" class=\"elementor elementor-94706 elementor-81942\" data-elementor-post-type=\"page\">\n\t\t\t\t\t\t<section class=\"elementor-section elementor-top-section elementor-element elementor-element-4c2af9eb elementor-section-full_width elementor-section-height-default elementor-section-height-default\" data-id=\"4c2af9eb\" data-element_type=\"section\" data-e-type=\"section\">\n\t\t\t\t\t\t<div class=\"elementor-container elementor-column-gap-default\">\n\t\t\t\t\t<div class=\"elementor-column elementor-col-50 elementor-top-column elementor-element elementor-element-4b03361d\" data-id=\"4b03361d\" data-element_type=\"column\" data-e-type=\"column\">\n\t\t\t<div class=\"elementor-widget-wrap elementor-element-populated\">\n\t\t\t\t\t\t<section class=\"elementor-section elementor-inner-section elementor-element elementor-element-176cb6f elementor-section-boxed elementor-section-height-default elementor-section-height-default\" data-id=\"176cb6f\" data-element_type=\"section\" data-e-type=\"section\">\n\t\t\t\t\t\t<div class=\"elementor-container elementor-column-gap-default\">\n\t\t\t\t\t<div class=\"elementor-column elementor-col-100 elementor-inner-column elementor-element elementor-element-c7ffe86\" data-id=\"c7ffe86\" data-element_type=\"column\" data-e-type=\"column\">\n\t\t\t<div class=\"elementor-widget-wrap elementor-element-populated\">\n\t\t\t\t\t\t<div class=\"elementor-element elementor-element-fc80e40 elementor-widget elementor-widget-spacer\" data-id=\"fc80e40\" data-element_type=\"widget\" data-e-type=\"widget\" data-widget_type=\"spacer.default\">\n\t\t\t\t<div class=\"elementor-widget-container\">\n\t\t\t\t\t\t\t<div class=\"elementor-spacer\">\n\t\t\t<div class=\"elementor-spacer-inner\"><\/div>\n\t\t<\/div>\n\t\t\t\t\t\t<\/div>\n\t\t\t\t<\/div>\n\t\t\t\t<div class=\"elementor-element elementor-element-9af545a elementor-widget elementor-widget-heading\" data-id=\"9af545a\" data-element_type=\"widget\" data-e-type=\"widget\" data-widget_type=\"heading.default\">\n\t\t\t\t<div class=\"elementor-widget-container\">\n\t\t\t\t\t<h2 class=\"elementor-heading-title elementor-size-default\">T\u00e9l\u00e9charger maintenant<\/h2>\t\t\t\t<\/div>\n\t\t\t\t<\/div>\n\t\t\t\t\t<\/div>\n\t\t<\/div>\n\t\t\t\t\t<\/div>\n\t\t<\/section>\n\t\t\t\t<section class=\"elementor-section elementor-inner-section elementor-element elementor-element-1203a901 elementor-section-boxed elementor-section-height-default elementor-section-height-default\" data-id=\"1203a901\" data-element_type=\"section\" data-e-type=\"section\">\n\t\t\t\t\t\t<div class=\"elementor-container elementor-column-gap-default\">\n\t\t\t\t\t<div class=\"elementor-column elementor-col-50 elementor-inner-column elementor-element elementor-element-3f74594b\" data-id=\"3f74594b\" data-element_type=\"column\" data-e-type=\"column\">\n\t\t\t<div class=\"elementor-widget-wrap elementor-element-populated\">\n\t\t\t\t\t\t<div class=\"elementor-element elementor-element-2e7a7583 elementor-widget elementor-widget-image\" data-id=\"2e7a7583\" data-element_type=\"widget\" data-e-type=\"widget\" data-widget_type=\"image.default\">\n\t\t\t\t<div class=\"elementor-widget-container\">\n\t\t\t\t\t\t\t\t\t\t\t\t\t\t\t\t<a href=\"https:\/\/play.google.com\/store\/apps\/details?id=com.tacitinnovations.bonapp\">\n\t\t\t\t\t\t\t<img fetchpriority=\"high\" decoding=\"async\" width=\"612\" height=\"137\" src=\"https:\/\/thaiexpress.ca\/wp-content\/uploads\/2024\/05\/google-tx.png\" class=\"attachment-full size-full wp-image-96697\" alt=\"\" srcset=\"https:\/\/thaiexpress.ca\/wp-content\/uploads\/2024\/05\/google-tx.png 612w, https:\/\/thaiexpress.ca\/wp-content\/uploads\/2024\/05\/google-tx-300x67.png 300w\" sizes=\"(max-width: 612px) 100vw, 612px\" \/>\t\t\t\t\t\t\t\t<\/a>\n\t\t\t\t\t\t\t\t\t\t\t\t\t\t\t<\/div>\n\t\t\t\t<\/div>\n\t\t\t\t\t<\/div>\n\t\t<\/div>\n\t\t\t\t<div class=\"elementor-column elementor-col-50 elementor-inner-column elementor-element elementor-element-a2958b1\" data-id=\"a2958b1\" data-element_type=\"column\" data-e-type=\"column\">\n\t\t\t<div class=\"elementor-widget-wrap elementor-element-populated\">\n\t\t\t\t\t\t<div class=\"elementor-element elementor-element-18a30d7 elementor-widget elementor-widget-image\" data-id=\"18a30d7\" data-element_type=\"widget\" data-e-type=\"widget\" data-widget_type=\"image.default\">\n\t\t\t\t<div class=\"elementor-widget-container\">\n\t\t\t\t\t\t\t\t\t\t\t\t\t\t\t\t<a href=\"https:\/\/apps.apple.com\/ca\/app\/tha%C3%AF-express\/id1062935148\">\n\t\t\t\t\t\t\t<img decoding=\"async\" width=\"604\" height=\"139\" src=\"https:\/\/thaiexpress.ca\/wp-content\/uploads\/2024\/05\/apple-store-tx.png\" class=\"attachment-full size-full wp-image-96695\" alt=\"\" srcset=\"https:\/\/thaiexpress.ca\/wp-content\/uploads\/2024\/05\/apple-store-tx.png 604w, https:\/\/thaiexpress.ca\/wp-content\/uploads\/2024\/05\/apple-store-tx-300x69.png 300w\" sizes=\"(max-width: 604px) 100vw, 604px\" \/>\t\t\t\t\t\t\t\t<\/a>\n\t\t\t\t\t\t\t\t\t\t\t\t\t\t\t<\/div>\n\t\t\t\t<\/div>\n\t\t\t\t\t<\/div>\n\t\t<\/div>\n\t\t\t\t\t<\/div>\n\t\t<\/section>\n\t\t\t\t<section class=\"elementor-section elementor-inner-section elementor-element elementor-element-16d365f0 elementor-section-boxed elementor-section-height-default elementor-section-height-default\" data-id=\"16d365f0\" data-element_type=\"section\" data-e-type=\"section\">\n\t\t\t\t\t\t<div class=\"elementor-container elementor-column-gap-default\">\n\t\t\t\t\t<div class=\"elementor-column elementor-col-100 elementor-inner-column elementor-element elementor-element-155795d3\" data-id=\"155795d3\" data-element_type=\"column\" data-e-type=\"column\">\n\t\t\t<div class=\"elementor-widget-wrap elementor-element-populated\">\n\t\t\t\t\t\t<div class=\"elementor-element elementor-element-20ff04a2 elementor-widget elementor-widget-text-editor\" data-id=\"20ff04a2\" data-element_type=\"widget\" data-e-type=\"widget\" data-widget_type=\"text-editor.default\">\n\t\t\t\t<div class=\"elementor-widget-container\">\n\t\t\t\t\t\t\t\t\t<p>Voici notre toute nouvelle application Thai Express ! La toute nouvelle application Thai Express vous donne acc\u00e8s \u00e0 tous vos plats et saveurs tha\u00eflandais pr\u00e9f\u00e9r\u00e9s disponibles pr\u00e8s de chez vous pour la livraison, le retrait et le retrait \u00e0 domicile sans contact&#8230; Avons-nous mentionn\u00e9 que vous gagnez des primes Thai Express ? Connectez-vous et cr\u00e9ez votre compte d\u00e8s aujourd&rsquo;hui !<\/p>\t\t\t\t\t\t\t\t<\/div>\n\t\t\t\t<\/div>\n\t\t\t\t\t<\/div>\n\t\t<\/div>\n\t\t\t\t\t<\/div>\n\t\t<\/section>\n\t\t\t\t\t<\/div>\n\t\t<\/div>\n\t\t\t\t<div class=\"elementor-column elementor-col-50 elementor-top-column elementor-element elementor-element-34ff73e4\" data-id=\"34ff73e4\" data-element_type=\"column\" data-e-type=\"column\">\n\t\t\t<div class=\"elementor-widget-wrap elementor-element-populated\">\n\t\t\t\t\t\t<div class=\"elementor-element elementor-element-44c4785e elementor-widget elementor-widget-image\" data-id=\"44c4785e\" data-element_type=\"widget\" data-e-type=\"widget\" data-widget_type=\"image.default\">\n\t\t\t\t<div class=\"elementor-widget-container\">\n\t\t\t\t\t\t\t\t\t\t\t\t\t\t\t<img decoding=\"async\" width=\"1057\" height=\"1174\" src=\"https:\/\/thaiexpress.ca\/wp-content\/uploads\/2023\/12\/tx-tablet.jpg\" class=\"attachment-full size-full wp-image-81928\" alt=\"\" srcset=\"https:\/\/thaiexpress.ca\/wp-content\/uploads\/2023\/12\/tx-tablet.jpg 1057w, https:\/\/thaiexpress.ca\/wp-content\/uploads\/2023\/12\/tx-tablet-270x300.jpg 270w, https:\/\/thaiexpress.ca\/wp-content\/uploads\/2023\/12\/tx-tablet-922x1024.jpg 922w, https:\/\/thaiexpress.ca\/wp-content\/uploads\/2023\/12\/tx-tablet-768x853.jpg 768w\" sizes=\"(max-width: 1057px) 100vw, 1057px\" \/>\t\t\t\t\t\t\t\t\t\t\t\t\t\t\t<\/div>\n\t\t\t\t<\/div>\n\t\t\t\t\t<\/div>\n\t\t<\/div>\n\t\t\t\t\t<\/div>\n\t\t<\/section>\n\t\t\t\t<section class=\"elementor-section elementor-top-section elementor-element elementor-element-743ab920 elementor-section-boxed elementor-section-height-default elementor-section-height-default\" data-id=\"743ab920\" data-element_type=\"section\" data-e-type=\"section\" data-settings=\"{&quot;background_background&quot;:&quot;classic&quot;}\">\n\t\t\t\t\t\t<div class=\"elementor-container elementor-column-gap-default\">\n\t\t\t\t\t<div class=\"elementor-column elementor-col-100 elementor-top-column elementor-element elementor-element-2bb2ef44\" data-id=\"2bb2ef44\" data-element_type=\"column\" data-e-type=\"column\" data-settings=\"{&quot;background_background&quot;:&quot;classic&quot;}\">\n\t\t\t<div class=\"elementor-widget-wrap elementor-element-populated\">\n\t\t\t\t\t\t<section class=\"elementor-section elementor-inner-section elementor-element elementor-element-77d3a3c8 elementor-section-boxed elementor-section-height-default elementor-section-height-default\" data-id=\"77d3a3c8\" data-element_type=\"section\" data-e-type=\"section\">\n\t\t\t\t\t\t<div class=\"elementor-container elementor-column-gap-default\">\n\t\t\t\t\t<div class=\"elementor-column elementor-col-50 elementor-inner-column elementor-element elementor-element-5a31ad44\" data-id=\"5a31ad44\" data-element_type=\"column\" data-e-type=\"column\">\n\t\t\t<div class=\"elementor-widget-wrap elementor-element-populated\">\n\t\t\t\t\t\t<div class=\"elementor-element elementor-element-84be221 elementor-widget__width-initial elementor-widget elementor-widget-text-editor\" data-id=\"84be221\" data-element_type=\"widget\" data-e-type=\"widget\" data-widget_type=\"text-editor.default\">\n\t\t\t\t<div class=\"elementor-widget-container\">\n\t\t\t\t\t\t\t\t\t<p>Gagnez vos 50 premiers points d\u00e8s aujourd&rsquo;hui en vous inscrivant en ligne aupr\u00e8s de Thai Express Rewards !<\/p>\t\t\t\t\t\t\t\t<\/div>\n\t\t\t\t<\/div>\n\t\t\t\t\t<\/div>\n\t\t<\/div>\n\t\t\t\t<div class=\"elementor-column elementor-col-50 elementor-inner-column elementor-element elementor-element-5c5515a6\" data-id=\"5c5515a6\" data-element_type=\"column\" data-e-type=\"column\">\n\t\t\t<div class=\"elementor-widget-wrap elementor-element-populated\">\n\t\t\t\t\t\t<div class=\"elementor-element elementor-element-141d469e elementor-widget elementor-widget-image\" data-id=\"141d469e\" data-element_type=\"widget\" data-e-type=\"widget\" data-widget_type=\"image.default\">\n\t\t\t\t<div class=\"elementor-widget-container\">\n\t\t\t\t\t\t\t\t\t\t\t\t\t\t\t\t<a href=\"\/rewards\/\">\n\t\t\t\t\t\t\t<img loading=\"lazy\" decoding=\"async\" width=\"474\" height=\"864\" src=\"https:\/\/thaiexpress.ca\/wp-content\/uploads\/2024\/04\/icons_1.png\" class=\"attachment-full size-full wp-image-94686\" alt=\"\" srcset=\"https:\/\/thaiexpress.ca\/wp-content\/uploads\/2024\/04\/icons_1.png 474w, https:\/\/thaiexpress.ca\/wp-content\/uploads\/2024\/04\/icons_1-165x300.png 165w\" sizes=\"(max-width: 474px) 100vw, 474px\" \/>\t\t\t\t\t\t\t\t<\/a>\n\t\t\t\t\t\t\t\t\t\t\t\t\t\t\t<\/div>\n\t\t\t\t<\/div>\n\t\t\t\t\t<\/div>\n\t\t<\/div>\n\t\t\t\t\t<\/div>\n\t\t<\/section>\n\t\t\t\t\t<\/div>\n\t\t<\/div>\n\t\t\t\t\t<\/div>\n\t\t<\/section>\n\t\t\t\t<section class=\"elementor-section elementor-top-section elementor-element elementor-element-50f7d08d elementor-section-boxed elementor-section-height-default elementor-section-height-default\" data-id=\"50f7d08d\" data-element_type=\"section\" data-e-type=\"section\" data-settings=\"{&quot;background_background&quot;:&quot;classic&quot;}\">\n\t\t\t\t\t\t<div class=\"elementor-container elementor-column-gap-default\">\n\t\t\t\t\t<div class=\"elementor-column elementor-col-100 elementor-top-column elementor-element elementor-element-662ffe41\" data-id=\"662ffe41\" data-element_type=\"column\" data-e-type=\"column\" data-settings=\"{&quot;background_background&quot;:&quot;classic&quot;}\">\n\t\t\t<div class=\"elementor-widget-wrap elementor-element-populated\">\n\t\t\t\t\t\t<section class=\"elementor-section elementor-inner-section elementor-element elementor-element-157decae elementor-section-boxed elementor-section-height-default elementor-section-height-default\" data-id=\"157decae\" data-element_type=\"section\" data-e-type=\"section\">\n\t\t\t\t\t\t<div class=\"elementor-container elementor-column-gap-default\">\n\t\t\t\t\t<div class=\"elementor-column elementor-col-50 elementor-inner-column elementor-element elementor-element-352c6a48\" data-id=\"352c6a48\" data-element_type=\"column\" data-e-type=\"column\">\n\t\t\t<div class=\"elementor-widget-wrap elementor-element-populated\">\n\t\t\t\t\t\t<div class=\"elementor-element elementor-element-7881c60 elementor-widget__width-initial elementor-widget elementor-widget-text-editor\" data-id=\"7881c60\" data-element_type=\"widget\" data-e-type=\"widget\" data-widget_type=\"text-editor.default\">\n\t\t\t\t<div class=\"elementor-widget-container\">\n\t\t\t\t\t\t\t\t\t<p>Gagnez 1 point pour chaque dollar d\u00e9pens\u00e9 en magasin, en ligne ou dans l&rsquo;application. Tous les 75 points gagn\u00e9s se convertissent automatiquement en 5 $ de r\u00e9duction sur votre prochaine commande.<\/p>\t\t\t\t\t\t\t\t<\/div>\n\t\t\t\t<\/div>\n\t\t\t\t\t<\/div>\n\t\t<\/div>\n\t\t\t\t<div class=\"elementor-column elementor-col-50 elementor-inner-column elementor-element elementor-element-1bfb525f\" data-id=\"1bfb525f\" data-element_type=\"column\" data-e-type=\"column\">\n\t\t\t<div class=\"elementor-widget-wrap elementor-element-populated\">\n\t\t\t\t\t\t<div class=\"elementor-element elementor-element-7ca60719 elementor-widget elementor-widget-image\" data-id=\"7ca60719\" data-element_type=\"widget\" data-e-type=\"widget\" data-widget_type=\"image.default\">\n\t\t\t\t<div class=\"elementor-widget-container\">\n\t\t\t\t\t\t\t\t\t\t\t\t\t\t\t\t<a href=\"\/rewards\/\">\n\t\t\t\t\t\t\t<img loading=\"lazy\" decoding=\"async\" width=\"474\" height=\"864\" src=\"https:\/\/thaiexpress.ca\/wp-content\/uploads\/2024\/04\/icons_2.png\" class=\"attachment-full size-full wp-image-94684\" alt=\"\" srcset=\"https:\/\/thaiexpress.ca\/wp-content\/uploads\/2024\/04\/icons_2.png 474w, https:\/\/thaiexpress.ca\/wp-content\/uploads\/2024\/04\/icons_2-165x300.png 165w\" sizes=\"(max-width: 474px) 100vw, 474px\" \/>\t\t\t\t\t\t\t\t<\/a>\n\t\t\t\t\t\t\t\t\t\t\t\t\t\t\t<\/div>\n\t\t\t\t<\/div>\n\t\t\t\t\t<\/div>\n\t\t<\/div>\n\t\t\t\t\t<\/div>\n\t\t<\/section>\n\t\t\t\t\t<\/div>\n\t\t<\/div>\n\t\t\t\t\t<\/div>\n\t\t<\/section>\n\t\t\t\t<section class=\"elementor-section elementor-top-section elementor-element elementor-element-51f593fc elementor-section-boxed elementor-section-height-default elementor-section-height-default\" data-id=\"51f593fc\" data-element_type=\"section\" data-e-type=\"section\" data-settings=\"{&quot;background_background&quot;:&quot;classic&quot;}\">\n\t\t\t\t\t\t<div class=\"elementor-container elementor-column-gap-default\">\n\t\t\t\t\t<div class=\"elementor-column elementor-col-100 elementor-top-column elementor-element elementor-element-bbc07db\" data-id=\"bbc07db\" data-element_type=\"column\" data-e-type=\"column\" data-settings=\"{&quot;background_background&quot;:&quot;classic&quot;}\">\n\t\t\t<div class=\"elementor-widget-wrap elementor-element-populated\">\n\t\t\t\t\t\t<section class=\"elementor-section elementor-inner-section elementor-element elementor-element-46b9c82e elementor-section-boxed elementor-section-height-default elementor-section-height-default\" data-id=\"46b9c82e\" data-element_type=\"section\" data-e-type=\"section\">\n\t\t\t\t\t\t<div class=\"elementor-container elementor-column-gap-default\">\n\t\t\t\t\t<div class=\"elementor-column elementor-col-50 elementor-inner-column elementor-element elementor-element-a1fcd4a\" data-id=\"a1fcd4a\" data-element_type=\"column\" data-e-type=\"column\">\n\t\t\t<div class=\"elementor-widget-wrap elementor-element-populated\">\n\t\t\t\t\t\t<div class=\"elementor-element elementor-element-3cb946e9 elementor-widget elementor-widget-text-editor\" data-id=\"3cb946e9\" data-element_type=\"widget\" data-e-type=\"widget\" data-widget_type=\"text-editor.default\">\n\t\t\t\t<div class=\"elementor-widget-container\">\n\t\t\t\t\t\t\t\t\t<p>Avec les r\u00e9compenses Tha\u00ef Express, obtenez 10 $ de rabais durant votre mois d&rsquo;anniversaire.<br \/>une autre fa\u00e7on de profiter de plus de Tha\u00ef Express !<\/p>\t\t\t\t\t\t\t\t<\/div>\n\t\t\t\t<\/div>\n\t\t\t\t\t<\/div>\n\t\t<\/div>\n\t\t\t\t<div class=\"elementor-column elementor-col-50 elementor-inner-column elementor-element elementor-element-6f0dc5ce\" data-id=\"6f0dc5ce\" data-element_type=\"column\" data-e-type=\"column\">\n\t\t\t<div class=\"elementor-widget-wrap elementor-element-populated\">\n\t\t\t\t\t\t<div class=\"elementor-element elementor-element-1c426344 elementor-widget elementor-widget-image\" data-id=\"1c426344\" data-element_type=\"widget\" data-e-type=\"widget\" data-widget_type=\"image.default\">\n\t\t\t\t<div class=\"elementor-widget-container\">\n\t\t\t\t\t\t\t\t\t\t\t\t\t\t\t\t<a href=\"\/rewards\/\">\n\t\t\t\t\t\t\t<img loading=\"lazy\" decoding=\"async\" width=\"474\" height=\"864\" src=\"https:\/\/thaiexpress.ca\/wp-content\/uploads\/2024\/04\/icons_3.png\" class=\"attachment-full size-full wp-image-94688\" alt=\"\" srcset=\"https:\/\/thaiexpress.ca\/wp-content\/uploads\/2024\/04\/icons_3.png 474w, https:\/\/thaiexpress.ca\/wp-content\/uploads\/2024\/04\/icons_3-165x300.png 165w\" sizes=\"(max-width: 474px) 100vw, 474px\" \/>\t\t\t\t\t\t\t\t<\/a>\n\t\t\t\t\t\t\t\t\t\t\t\t\t\t\t<\/div>\n\t\t\t\t<\/div>\n\t\t\t\t\t<\/div>\n\t\t<\/div>\n\t\t\t\t\t<\/div>\n\t\t<\/section>\n\t\t\t\t\t<\/div>\n\t\t<\/div>\n\t\t\t\t\t<\/div>\n\t\t<\/section>\n\t\t\t\t<\/div>\n\t\t","protected":false},"excerpt":{"rendered":"<p>T\u00e9l\u00e9charger maintenant Voici notre toute nouvelle application Thai Express ! La toute nouvelle application Thai Express vous donne acc\u00e8s \u00e0 tous vos plats et saveurs tha\u00eflandais pr\u00e9f\u00e9r\u00e9s disponibles pr\u00e8s de chez vous pour la livraison, le retrait et le retrait \u00e0 domicile sans contact&#8230; Avons-nous mentionn\u00e9 que vous gagnez des primes Thai Express ? Connectez-vous [&hellip;]<\/p>\n","protected":false},"author":1,"featured_media":0,"parent":0,"menu_order":0,"comment_status":"closed","ping_status":"closed","template":"elementor_header_footer","meta":{"_acf_changed":false,"inline_featured_image":false,"footnotes":""},"class_list":["post-94706","page","type-page","status-publish","hentry"],"acf":[],"_links":{"self":[{"href":"https:\/\/thaiexpress.ca\/fr\/wp-json\/wp\/v2\/pages\/94706","targetHints":{"allow":["GET"]}}],"collection":[{"href":"https:\/\/thaiexpress.ca\/fr\/wp-json\/wp\/v2\/pages"}],"about":[{"href":"https:\/\/thaiexpress.ca\/fr\/wp-json\/wp\/v2\/types\/page"}],"author":[{"embeddable":true,"href":"https:\/\/thaiexpress.ca\/fr\/wp-json\/wp\/v2\/users\/1"}],"replies":[{"embeddable":true,"href":"https:\/\/thaiexpress.ca\/fr\/wp-json\/wp\/v2\/comments?post=94706"}],"version-history":[{"count":0,"href":"https:\/\/thaiexpress.ca\/fr\/wp-json\/wp\/v2\/pages\/94706\/revisions"}],"wp:attachment":[{"href":"https:\/\/thaiexpress.ca\/fr\/wp-json\/wp\/v2\/media?parent=94706"}],"curies":[{"name":"wp","href":"https:\/\/api.w.org\/{rel}","templated":true}]}}